{"id":2993,"date":"2024-11-18T06:43:36","date_gmt":"2024-11-18T06:43:36","guid":{"rendered":"https:\/\/lagomhospitality.net\/?page_id=2993"},"modified":"2025-11-14T13:49:29","modified_gmt":"2025-11-14T13:49:29","slug":"advisory-board","status":"publish","type":"page","link":"https:\/\/lagomhospitality.net\/en\/advisory-board\/","title":{"rendered":"Advisory Board"},"content":{"rendered":"<div data-elementor-type=\"wp-page\" data-elementor-id=\"2993\" class=\"elementor elementor-2993\" data-elementor-post-type=\"page\">\n\t\t\t\t<div class=\"elementor-element elementor-element-7784dd8 e-flex e-con-boxed e-con e-parent\" data-id=\"7784dd8\" data-element_type=\"container\" data-e-type=\"container\">\n\t\t\t\t\t<div class=\"e-con-inner\">\n\t\t\t\t<div class=\"elementor-element elementor-element-8ed2626 elementor-widget elementor-widget-spacer\" data-id=\"8ed2626\" data-element_type=\"widget\" data-e-type=\"widget\" data-widget_type=\"spacer.default\">\n\t\t\t\t<div class=\"elementor-widget-container\">\n\t\t\t\t\t\t\t<div class=\"elementor-spacer\">\n\t\t\t<div class=\"elementor-spacer-inner\"><\/div>\n\t\t<\/div>\n\t\t\t\t\t\t<\/div>\n\t\t\t\t<\/div>\n\t\t\t\t<div class=\"elementor-element elementor-element-f4b3bc1 elementor-widget__width-initial elementor-widget elementor-widget-heading\" data-id=\"f4b3bc1\" data-element_type=\"widget\" data-e-type=\"widget\" data-widget_type=\"heading.default\">\n\t\t\t\t<div class=\"elementor-widget-container\">\n\t\t\t\t\t<h2 class=\"elementor-heading-title elementor-size-default\">Our Team<\/h2>\t\t\t\t<\/div>\n\t\t\t\t<\/div>\n\t\t\t\t<div class=\"elementor-element elementor-element-af10ada elementor-nav-menu--dropdown-none elementor-widget elementor-widget-nav-menu\" data-id=\"af10ada\" data-element_type=\"widget\" data-e-type=\"widget\" data-settings=\"{&quot;layout&quot;:&quot;horizontal&quot;,&quot;submenu_icon&quot;:{&quot;value&quot;:&quot;&lt;svg class=\\&quot;e-font-icon-svg e-fas-caret-down\\&quot; viewBox=\\&quot;0 0 320 512\\&quot; xmlns=\\&quot;http:\\\/\\\/www.w3.org\\\/2000\\\/svg\\&quot;&gt;&lt;path d=\\&quot;M31.3 192h257.3c17.8 0 26.7 21.5 14.1 34.1L174.1 354.8c-7.8 7.8-20.5 7.8-28.3 0L17.2 226.1C4.6 213.5 13.5 192 31.3 192z\\&quot;&gt;&lt;\\\/path&gt;&lt;\\\/svg&gt;&quot;,&quot;library&quot;:&quot;fa-solid&quot;}}\" data-widget_type=\"nav-menu.default\">\n\t\t\t\t<div class=\"elementor-widget-container\">\n\t\t\t\t\t\t\t\t<nav aria-label=\"Men\u00fc\" class=\"elementor-nav-menu--main elementor-nav-menu__container elementor-nav-menu--layout-horizontal e--pointer-underline e--animation-fade\">\n\t\t\t\t<ul id=\"menu-1-af10ada\" class=\"elementor-nav-menu\"><li class=\"menu-item menu-item-type-post_type menu-item-object-page menu-item-3791\"><a href=\"https:\/\/lagomhospitality.net\/en\/team\/\" class=\"elementor-item\">Core Operations<\/a><\/li>\n<li class=\"menu-item menu-item-type-post_type menu-item-object-page menu-item-2995\"><a href=\"https:\/\/lagomhospitality.net\/en\/advisory-board\/\" class=\"elementor-item\">Advisory Board<\/a><\/li>\n<\/ul>\t\t\t<\/nav>\n\t\t\t\t\t\t<nav class=\"elementor-nav-menu--dropdown elementor-nav-menu__container\" aria-hidden=\"true\">\n\t\t\t\t<ul id=\"menu-2-af10ada\" class=\"elementor-nav-menu\"><li class=\"menu-item menu-item-type-post_type menu-item-object-page menu-item-3791\"><a href=\"https:\/\/lagomhospitality.net\/en\/team\/\" class=\"elementor-item\" tabindex=\"-1\">Core Operations<\/a><\/li>\n<li class=\"menu-item menu-item-type-post_type menu-item-object-page menu-item-2995\"><a href=\"https:\/\/lagomhospitality.net\/en\/advisory-board\/\" class=\"elementor-item\" tabindex=\"-1\">Advisory Board<\/a><\/li>\n<\/ul>\t\t\t<\/nav>\n\t\t\t\t\t\t<\/div>\n\t\t\t\t<\/div>\n\t\t\t\t<div class=\"elementor-element elementor-element-1fa2ca8 elementor-widget elementor-widget-spacer\" data-id=\"1fa2ca8\" data-element_type=\"widget\" data-e-type=\"widget\" data-widget_type=\"spacer.default\">\n\t\t\t\t<div class=\"elementor-widget-container\">\n\t\t\t\t\t\t\t<div class=\"elementor-spacer\">\n\t\t\t<div class=\"elementor-spacer-inner\"><\/div>\n\t\t<\/div>\n\t\t\t\t\t\t<\/div>\n\t\t\t\t<\/div>\n\t\t\t\t\t<\/div>\n\t\t\t\t<\/div>\n\t\t<div class=\"elementor-element elementor-element-56f3951 e-flex e-con-boxed e-con e-parent\" data-id=\"56f3951\" data-element_type=\"container\" data-e-type=\"container\">\n\t\t\t\t\t<div class=\"e-con-inner\">\n\t\t<div class=\"elementor-element elementor-element-2923d89 e-con-full e-flex e-con e-child\" data-id=\"2923d89\" data-element_type=\"container\" data-e-type=\"container\">\n\t\t\t\t<div class=\"elementor-element elementor-element-d596935 elementor-widget__width-initial elementor-widget elementor-widget-icon-box\" data-id=\"d596935\" data-element_type=\"widget\" data-e-type=\"widget\" data-widget_type=\"icon-box.default\">\n\t\t\t\t<div class=\"elementor-widget-container\">\n\t\t\t\t\t\t\t<div class=\"elementor-icon-box-wrapper\">\n\n\t\t\t\n\t\t\t\t\t\t<div class=\"elementor-icon-box-content\">\n\n\t\t\t\t\t\t\t\t\t<h3 class=\"elementor-icon-box-title\">\n\t\t\t\t\t\t<span  >\n\t\t\t\t\t\t\tClemens Schranz\t\t\t\t\t\t<\/span>\n\t\t\t\t\t<\/h3>\n\t\t\t\t\n\t\t\t\t\t\t\t\t\t<p class=\"elementor-icon-box-description\">\n\t\t\t\t\t\tCapital Markets Connector\t\t\t\t\t<\/p>\n\t\t\t\t\n\t\t\t<\/div>\n\t\t\t\n\t\t<\/div>\n\t\t\t\t\t\t<\/div>\n\t\t\t\t<\/div>\n\t\t\t\t<div class=\"elementor-element elementor-element-76355b1 elementor-widget__width-initial elementor-widget elementor-widget-text-editor\" data-id=\"76355b1\" data-element_type=\"widget\" data-e-type=\"widget\" data-widget_type=\"text-editor.default\">\n\t\t\t\t<div class=\"elementor-widget-container\">\n\t\t\t\t\t\t\t\t\t<div class=\"flex max-w-full flex-col flex-grow\"><div class=\"min-h-8 text-message flex w-full flex-col items-end gap-2 whitespace-normal break-words [.text-message+&amp;]:mt-5\" dir=\"auto\" data-message-author-role=\"assistant\" data-message-id=\"fa63e31b-046d-48e8-8a6e-9722aeaee776\"><div class=\"flex w-full flex-col gap-1 empty:hidden first:pt-[3px]\"><div class=\"markdown prose w-full break-words dark:prose-invert light\"><div class=\"flex max-w-full flex-col flex-grow\"><div class=\"min-h-8 text-message flex w-full flex-col items-end gap-2 whitespace-normal break-words [.text-message+&amp;]:mt-5\" dir=\"auto\" data-message-author-role=\"assistant\" data-message-id=\"d11b5836-287a-403b-8535-6e200bbe8bdf\"><div class=\"flex w-full flex-col gap-1 empty:hidden first:pt-[3px]\"><div class=\"markdown prose w-full break-words dark:prose-invert light\"><div class=\"flex max-w-full flex-col flex-grow\"><div class=\"min-h-8 text-message flex w-full flex-col items-end gap-2 whitespace-normal break-words [.text-message+&amp;]:mt-5\" dir=\"auto\" data-message-author-role=\"assistant\" data-message-id=\"1570c77b-ee5e-4b43-9b60-fd018d672e83\"><div class=\"flex w-full flex-col gap-1 empty:hidden first:pt-[3px]\"><div class=\"markdown prose w-full break-words dark:prose-invert light\"><p><span class=\"notion-enable-hover\" data-token-index=\"0\">Integrates capital market expertise with hospitality know-how, connecting investors and operators to unlock new opportunities.<\/span><!-- notionvc: b7501663-52f2-4376-b36b-5bc32925f411 --><br \/><!-- notionvc: 6b1a13c6-ca7b-4b75-859d-13bccca77cf7 --><\/p><\/div><\/div><\/div><\/div><\/div><\/div><\/div><\/div><\/div><\/div><\/div><\/div>\t\t\t\t\t\t\t\t<\/div>\n\t\t\t\t<\/div>\n\t\t\t\t<div class=\"elementor-element elementor-element-ad175e1 elementor-widget-mobile__width-initial elementor-hidden-desktop elementor-widget elementor-widget-text-editor\" data-id=\"ad175e1\" data-element_type=\"widget\" data-e-type=\"widget\" data-widget_type=\"text-editor.default\">\n\t\t\t\t<div class=\"elementor-widget-container\">\n\t\t\t\t\t\t\t\t\t<p><span style=\"font-weight: bold;\">Contact<br \/><\/span><a href=\"tel:  43 664 8274708\">+ 43 664 827 4708<\/a><br \/><a href=\"mailto:clemens.schranz@lagomhospitality.net\">clemens.schranz@lagomhospitality.net<\/a><\/p>\t\t\t\t\t\t\t\t<\/div>\n\t\t\t\t<\/div>\n\t\t\t\t<div class=\"elementor-element elementor-element-b4cc46d elementor-widget__width-initial elementor-hidden-desktop elementor-widget elementor-widget-button\" data-id=\"b4cc46d\" data-element_type=\"widget\" data-e-type=\"widget\" data-widget_type=\"button.default\">\n\t\t\t\t<div class=\"elementor-widget-container\">\n\t\t\t\t\t\t\t\t\t<div class=\"elementor-button-wrapper\">\n\t\t\t\t\t<a class=\"elementor-button elementor-button-link elementor-size-sm\" href=\"https:\/\/www.linkedin.com\/in\/clemens-schranz\/\" target=\"_blank\">\n\t\t\t\t\t\t<span class=\"elementor-button-content-wrapper\">\n\t\t\t\t\t\t\t\t\t<span class=\"elementor-button-text\">Connect with Clemens on LinkedIn<\/span>\n\t\t\t\t\t<\/span>\n\t\t\t\t\t<\/a>\n\t\t\t\t<\/div>\n\t\t\t\t\t\t\t\t<\/div>\n\t\t\t\t<\/div>\n\t\t\t\t<div class=\"elementor-element elementor-element-ca0835a elementor-widget elementor-widget-n-accordion\" data-id=\"ca0835a\" data-element_type=\"widget\" data-e-type=\"widget\" data-settings=\"{&quot;default_state&quot;:&quot;all_collapsed&quot;,&quot;max_items_expended&quot;:&quot;one&quot;,&quot;n_accordion_animation_duration&quot;:{&quot;unit&quot;:&quot;ms&quot;,&quot;size&quot;:400,&quot;sizes&quot;:[]}}\" data-widget_type=\"nested-accordion.default\">\n\t\t\t\t<div class=\"elementor-widget-container\">\n\t\t\t\t\t\t\t<div class=\"e-n-accordion\" aria-label=\"Accordion. Open links with Enter or Space, close with Escape, and navigate with Arrow Keys\">\n\t\t\t\t\t\t<details id=\"e-n-accordion-item-2110\" class=\"e-n-accordion-item\" >\n\t\t\t\t<summary class=\"e-n-accordion-item-title\" data-accordion-index=\"1\" tabindex=\"0\" aria-expanded=\"false\" aria-controls=\"e-n-accordion-item-2110\" >\n\t\t\t\t\t<span class='e-n-accordion-item-title-header'><div class=\"e-n-accordion-item-title-text\"> show more <\/div><\/span>\n\t\t\t\t\t\t\t<span class='e-n-accordion-item-title-icon'>\n\t\t\t<span class='e-opened' ><svg aria-hidden=\"true\" class=\"e-font-icon-svg e-fas-minus\" viewbox=\"0 0 448 512\" xmlns=\"http:\/\/www.w3.org\/2000\/svg\"><path d=\"M416 208H32c-17.67 0-32 14.33-32 32v32c0 17.67 14.33 32 32 32h384c17.67 0 32-14.33 32-32v-32c0-17.67-14.33-32-32-32z\"><\/path><\/svg><\/span>\n\t\t\t<span class='e-closed'><svg aria-hidden=\"true\" class=\"e-font-icon-svg e-fas-plus\" viewbox=\"0 0 448 512\" xmlns=\"http:\/\/www.w3.org\/2000\/svg\"><path d=\"M416 208H272V64c0-17.67-14.33-32-32-32h-32c-17.67 0-32 14.33-32 32v144H32c-17.67 0-32 14.33-32 32v32c0 17.67 14.33 32 32 32h144v144c0 17.67 14.33 32 32 32h32c17.67 0 32-14.33 32-32V304h144c17.67 0 32-14.33 32-32v-32c0-17.67-14.33-32-32-32z\"><\/path><\/svg><\/span>\n\t\t<\/span>\n\n\t\t\t\t\t\t<\/summary>\n\t\t\t\t<div role=\"region\" aria-labelledby=\"e-n-accordion-item-2110\" class=\"elementor-element elementor-element-cf26cf6 e-con-full e-flex e-con e-child\" data-id=\"cf26cf6\" data-element_type=\"container\" data-e-type=\"container\">\n\t\t\t\t<div class=\"elementor-element elementor-element-aef9db5 elementor-widget elementor-widget-text-editor\" data-id=\"aef9db5\" data-element_type=\"widget\" data-e-type=\"widget\" data-widget_type=\"text-editor.default\">\n\t\t\t\t<div class=\"elementor-widget-container\">\n\t\t\t\t\t\t\t\t\t<p><span style=\"font-weight: bold;\">Investment Catalyst:<\/span> Discovering untapped opportunities in real estate through a sharp eye for potential and a deep understanding of the market.<\/p><p><span style=\"font-weight: bold;\">Holistic Deal-Making:<\/span> From transaction management to asset development, offering comprehensive expertise that drives investment success.<\/p><p><span style=\"font-weight: bold;\">Strategic Vision:<\/span> Combining innovative concepts with practical execution to maximize asset performance and returns.<\/p><p><span style=\"font-weight: bold;\">Data-Driven Decision-Making:<\/span> Utilizing cutting-edge technology and insights to ensure investment strategies are well-informed and profitable.<\/p><p><span style=\"font-weight: bold;\">End-to-End Investment Stewardship:<\/span> Supporting clients through every phase of the investment process, from conceptualization to realization, with a focus on delivering measurable outcomes.<\/p>\t\t\t\t\t\t\t\t<\/div>\n\t\t\t\t<\/div>\n\t\t\t\t<\/div>\n\t\t\t\t\t<\/details>\n\t\t\t\t\t<\/div>\n\t\t\t\t\t\t<\/div>\n\t\t\t\t<\/div>\n\t\t\t\t<\/div>\n\t\t<div class=\"elementor-element elementor-element-9a5e43f e-con-full e-flex e-con e-child\" data-id=\"9a5e43f\" data-element_type=\"container\" data-e-type=\"container\">\n\t\t\t\t<div class=\"elementor-element elementor-element-c67a7be elementor-widget elementor-widget-image\" data-id=\"c67a7be\" data-element_type=\"widget\" data-e-type=\"widget\" data-widget_type=\"image.default\">\n\t\t\t\t<div class=\"elementor-widget-container\">\n\t\t\t\t\t\t\t\t\t\t\t\t\t\t\t<img fetchpriority=\"high\" decoding=\"async\" width=\"1024\" height=\"653\" src=\"https:\/\/lagomhospitality.net\/wp-content\/uploads\/2025\/07\/f7e2ffbb-140b-4ac4-a9c3-112f63bc70ea.png\" class=\"attachment-full size-full wp-image-3893\" alt=\"\" srcset=\"https:\/\/lagomhospitality.net\/wp-content\/uploads\/2025\/07\/f7e2ffbb-140b-4ac4-a9c3-112f63bc70ea.png 1024w, https:\/\/lagomhospitality.net\/wp-content\/uploads\/2025\/07\/f7e2ffbb-140b-4ac4-a9c3-112f63bc70ea-300x191.png 300w, https:\/\/lagomhospitality.net\/wp-content\/uploads\/2025\/07\/f7e2ffbb-140b-4ac4-a9c3-112f63bc70ea-768x490.png 768w, https:\/\/lagomhospitality.net\/wp-content\/uploads\/2025\/07\/f7e2ffbb-140b-4ac4-a9c3-112f63bc70ea-18x12.png 18w\" sizes=\"(max-width: 1024px) 100vw, 1024px\" \/>\t\t\t\t\t\t\t\t\t\t\t\t\t\t\t<\/div>\n\t\t\t\t<\/div>\n\t\t\t\t<div class=\"elementor-element elementor-element-c4fc8b3 elementor-widget-mobile__width-initial elementor-hidden-tablet elementor-hidden-mobile elementor-widget elementor-widget-text-editor\" data-id=\"c4fc8b3\" data-element_type=\"widget\" data-e-type=\"widget\" data-widget_type=\"text-editor.default\">\n\t\t\t\t<div class=\"elementor-widget-container\">\n\t\t\t\t\t\t\t\t\t<p><span style=\"font-weight: bold;\">Contact<br \/><\/span><a href=\"tel:  43 664 8274708\">+ 43 664 827 4708<\/a><br \/><a style=\"font-family: Montserrat, sans-serif; font-weight: 300; letter-spacing: var( --e-global-typography-text-letter-spacing ); background-color: #f7f4f0;\" href=\"mailto:clemens.schranz@lagomhospitality.net\">clemens.schranz@lagomhospitality.net<\/a><b><\/b><\/p>\t\t\t\t\t\t\t\t<\/div>\n\t\t\t\t<\/div>\n\t\t\t\t<div class=\"elementor-element elementor-element-b3726d6 elementor-widget__width-initial elementor-hidden-tablet elementor-hidden-mobile elementor-widget elementor-widget-button\" data-id=\"b3726d6\" data-element_type=\"widget\" data-e-type=\"widget\" data-widget_type=\"button.default\">\n\t\t\t\t<div class=\"elementor-widget-container\">\n\t\t\t\t\t\t\t\t\t<div class=\"elementor-button-wrapper\">\n\t\t\t\t\t<a class=\"elementor-button elementor-button-link elementor-size-sm\" href=\"https:\/\/www.linkedin.com\/in\/clemens-schranz\/\" target=\"_blank\">\n\t\t\t\t\t\t<span class=\"elementor-button-content-wrapper\">\n\t\t\t\t\t\t\t\t\t<span class=\"elementor-button-text\">Connect with Clemens on LinkedIn<\/span>\n\t\t\t\t\t<\/span>\n\t\t\t\t\t<\/a>\n\t\t\t\t<\/div>\n\t\t\t\t\t\t\t\t<\/div>\n\t\t\t\t<\/div>\n\t\t\t\t<\/div>\n\t\t\t\t\t<\/div>\n\t\t\t\t<\/div>\n\t\t\t\t<\/div>","protected":false},"excerpt":{"rendered":"<p>Unser Team Clemens Schranz Capital Markets Connector Verbindet Kapitalmarktexpertise mit Hospitality-Know-how und schafft Verbindungen zwischen Investoren und Betreibern, um neue M\u00f6glichkeiten zu erschlie\u00dfen. Kontakt:+ 43 664 827 4708clemens.schranz@lagomhospitality.net Mit Clemens auf LinkedIn vernetzen mehr erfahren Investment-Katalysator: Erschlie\u00dfen ungenutzter Potenziale im Immobilienbereich durch einen scharfen Blick f\u00fcr Chancen und ein tiefes Marktverst\u00e4ndnis. Ganzheitliches Deal-Making: Von Transaktionsmanagement [&hellip;]<\/p>","protected":false},"author":1,"featured_media":0,"parent":0,"menu_order":0,"comment_status":"closed","ping_status":"closed","template":"","meta":{"footnotes":""},"class_list":["post-2993","page","type-page","status-publish","hentry"],"yoast_head":"<!-- This site is optimized with the Yoast SEO plugin v23.9 - https:\/\/yoast.com\/wordpress\/plugins\/seo\/ -->\n<title>Advisory Board - lagomhospitality.net<\/title>\n<meta name=\"robots\" content=\"index, follow, max-snippet:-1, max-image-preview:large, max-video-preview:-1\" \/>\n<link rel=\"canonical\" href=\"https:\/\/lagomhospitality.net\/en\/advisory-board\/\" \/>\n<meta property=\"og:locale\" content=\"en_US\" \/>\n<meta property=\"og:type\" content=\"article\" \/>\n<meta property=\"og:title\" content=\"Advisory Board - lagomhospitality.net\" \/>\n<meta property=\"og:description\" content=\"Unser Team Clemens Schranz Capital Markets Connector Verbindet Kapitalmarktexpertise mit Hospitality-Know-how und schafft Verbindungen zwischen Investoren und Betreibern, um neue M\u00f6glichkeiten zu erschlie\u00dfen. Kontakt:+ 43 664 827 4708clemens.schranz@lagomhospitality.net Mit Clemens auf LinkedIn vernetzen mehr erfahren Investment-Katalysator: Erschlie\u00dfen ungenutzter Potenziale im Immobilienbereich durch einen scharfen Blick f\u00fcr Chancen und ein tiefes Marktverst\u00e4ndnis. Ganzheitliches Deal-Making: Von Transaktionsmanagement [&hellip;]\" \/>\n<meta property=\"og:url\" content=\"https:\/\/lagomhospitality.net\/en\/advisory-board\/\" \/>\n<meta property=\"og:site_name\" content=\"lagomhospitality.net\" \/>\n<meta property=\"article:modified_time\" content=\"2025-11-14T13:49:29+00:00\" \/>\n<meta property=\"og:image\" content=\"https:\/\/lagomhospitality.net\/wp-content\/uploads\/2025\/07\/f7e2ffbb-140b-4ac4-a9c3-112f63bc70ea.png\" \/>\n\t<meta property=\"og:image:width\" content=\"1024\" \/>\n\t<meta property=\"og:image:height\" content=\"653\" \/>\n\t<meta property=\"og:image:type\" content=\"image\/png\" \/>\n<meta name=\"twitter:card\" content=\"summary_large_image\" \/>\n<meta name=\"twitter:label1\" content=\"Est. reading time\" \/>\n\t<meta name=\"twitter:data1\" content=\"2 minutes\" \/>\n<script type=\"application\/ld+json\" class=\"yoast-schema-graph\">{\"@context\":\"https:\/\/schema.org\",\"@graph\":[{\"@type\":\"WebPage\",\"@id\":\"https:\/\/lagomhospitality.net\/advisory-board\/\",\"url\":\"https:\/\/lagomhospitality.net\/advisory-board\/\",\"name\":\"Advisory Board - lagomhospitality.net\",\"isPartOf\":{\"@id\":\"https:\/\/lagomhospitality.net\/#website\"},\"primaryImageOfPage\":{\"@id\":\"https:\/\/lagomhospitality.net\/advisory-board\/#primaryimage\"},\"image\":{\"@id\":\"https:\/\/lagomhospitality.net\/advisory-board\/#primaryimage\"},\"thumbnailUrl\":\"https:\/\/lagomhospitality.net\/wp-content\/uploads\/2025\/07\/f7e2ffbb-140b-4ac4-a9c3-112f63bc70ea.png\",\"datePublished\":\"2024-11-18T06:43:36+00:00\",\"dateModified\":\"2025-11-14T13:49:29+00:00\",\"breadcrumb\":{\"@id\":\"https:\/\/lagomhospitality.net\/advisory-board\/#breadcrumb\"},\"inLanguage\":\"en-US\",\"potentialAction\":[{\"@type\":\"ReadAction\",\"target\":[\"https:\/\/lagomhospitality.net\/advisory-board\/\"]}]},{\"@type\":\"ImageObject\",\"inLanguage\":\"en-US\",\"@id\":\"https:\/\/lagomhospitality.net\/advisory-board\/#primaryimage\",\"url\":\"https:\/\/lagomhospitality.net\/wp-content\/uploads\/2025\/07\/f7e2ffbb-140b-4ac4-a9c3-112f63bc70ea.png\",\"contentUrl\":\"https:\/\/lagomhospitality.net\/wp-content\/uploads\/2025\/07\/f7e2ffbb-140b-4ac4-a9c3-112f63bc70ea.png\"},{\"@type\":\"BreadcrumbList\",\"@id\":\"https:\/\/lagomhospitality.net\/advisory-board\/#breadcrumb\",\"itemListElement\":[{\"@type\":\"ListItem\",\"position\":1,\"name\":\"Startseite\",\"item\":\"https:\/\/lagomhospitality.net\/\"},{\"@type\":\"ListItem\",\"position\":2,\"name\":\"Advisory Board\"}]},{\"@type\":\"WebSite\",\"@id\":\"https:\/\/lagomhospitality.net\/#website\",\"url\":\"https:\/\/lagomhospitality.net\/\",\"name\":\"Lagom. Hospitality\",\"description\":\"Deine Partner f\u00fcr Hotelimmobilienexpertise\u200b\",\"publisher\":{\"@id\":\"https:\/\/lagomhospitality.net\/#organization\"},\"potentialAction\":[{\"@type\":\"SearchAction\",\"target\":{\"@type\":\"EntryPoint\",\"urlTemplate\":\"https:\/\/lagomhospitality.net\/?s={search_term_string}\"},\"query-input\":{\"@type\":\"PropertyValueSpecification\",\"valueRequired\":true,\"valueName\":\"search_term_string\"}}],\"inLanguage\":\"en-US\"},{\"@type\":\"Organization\",\"@id\":\"https:\/\/lagomhospitality.net\/#organization\",\"name\":\"Lagom. Hospitality\",\"url\":\"https:\/\/lagomhospitality.net\/\",\"logo\":{\"@type\":\"ImageObject\",\"inLanguage\":\"en-US\",\"@id\":\"https:\/\/lagomhospitality.net\/#\/schema\/logo\/image\/\",\"url\":\"https:\/\/lagomhospitality.net\/wp-content\/uploads\/2024\/09\/Lagom-Logo.png\",\"contentUrl\":\"https:\/\/lagomhospitality.net\/wp-content\/uploads\/2024\/09\/Lagom-Logo.png\",\"width\":826,\"height\":500,\"caption\":\"Lagom. Hospitality\"},\"image\":{\"@id\":\"https:\/\/lagomhospitality.net\/#\/schema\/logo\/image\/\"}}]}<\/script>\n<!-- \/ Yoast SEO plugin. -->","yoast_head_json":{"title":"Advisory Board - lagomhospitality.net","robots":{"index":"index","follow":"follow","max-snippet":"max-snippet:-1","max-image-preview":"max-image-preview:large","max-video-preview":"max-video-preview:-1"},"canonical":"https:\/\/lagomhospitality.net\/en\/advisory-board\/","og_locale":"en_US","og_type":"article","og_title":"Advisory Board - lagomhospitality.net","og_description":"Unser Team Clemens Schranz Capital Markets Connector Verbindet Kapitalmarktexpertise mit Hospitality-Know-how und schafft Verbindungen zwischen Investoren und Betreibern, um neue M\u00f6glichkeiten zu erschlie\u00dfen. Kontakt:+ 43 664 827 4708clemens.schranz@lagomhospitality.net Mit Clemens auf LinkedIn vernetzen mehr erfahren Investment-Katalysator: Erschlie\u00dfen ungenutzter Potenziale im Immobilienbereich durch einen scharfen Blick f\u00fcr Chancen und ein tiefes Marktverst\u00e4ndnis. Ganzheitliches Deal-Making: Von Transaktionsmanagement [&hellip;]","og_url":"https:\/\/lagomhospitality.net\/en\/advisory-board\/","og_site_name":"lagomhospitality.net","article_modified_time":"2025-11-14T13:49:29+00:00","og_image":[{"width":1024,"height":653,"url":"https:\/\/lagomhospitality.net\/wp-content\/uploads\/2025\/07\/f7e2ffbb-140b-4ac4-a9c3-112f63bc70ea.png","type":"image\/png"}],"twitter_card":"summary_large_image","twitter_misc":{"Est. reading time":"2 minutes"},"schema":{"@context":"https:\/\/schema.org","@graph":[{"@type":"WebPage","@id":"https:\/\/lagomhospitality.net\/advisory-board\/","url":"https:\/\/lagomhospitality.net\/advisory-board\/","name":"Advisory Board - lagomhospitality.net","isPartOf":{"@id":"https:\/\/lagomhospitality.net\/#website"},"primaryImageOfPage":{"@id":"https:\/\/lagomhospitality.net\/advisory-board\/#primaryimage"},"image":{"@id":"https:\/\/lagomhospitality.net\/advisory-board\/#primaryimage"},"thumbnailUrl":"https:\/\/lagomhospitality.net\/wp-content\/uploads\/2025\/07\/f7e2ffbb-140b-4ac4-a9c3-112f63bc70ea.png","datePublished":"2024-11-18T06:43:36+00:00","dateModified":"2025-11-14T13:49:29+00:00","breadcrumb":{"@id":"https:\/\/lagomhospitality.net\/advisory-board\/#breadcrumb"},"inLanguage":"en-US","potentialAction":[{"@type":"ReadAction","target":["https:\/\/lagomhospitality.net\/advisory-board\/"]}]},{"@type":"ImageObject","inLanguage":"en-US","@id":"https:\/\/lagomhospitality.net\/advisory-board\/#primaryimage","url":"https:\/\/lagomhospitality.net\/wp-content\/uploads\/2025\/07\/f7e2ffbb-140b-4ac4-a9c3-112f63bc70ea.png","contentUrl":"https:\/\/lagomhospitality.net\/wp-content\/uploads\/2025\/07\/f7e2ffbb-140b-4ac4-a9c3-112f63bc70ea.png"},{"@type":"BreadcrumbList","@id":"https:\/\/lagomhospitality.net\/advisory-board\/#breadcrumb","itemListElement":[{"@type":"ListItem","position":1,"name":"Startseite","item":"https:\/\/lagomhospitality.net\/"},{"@type":"ListItem","position":2,"name":"Advisory Board"}]},{"@type":"WebSite","@id":"https:\/\/lagomhospitality.net\/#website","url":"https:\/\/lagomhospitality.net\/","name":"Lagom. Hospitality","description":"Deine Partner f\u00fcr Hotelimmobilienexpertise\u200b","publisher":{"@id":"https:\/\/lagomhospitality.net\/#organization"},"potentialAction":[{"@type":"SearchAction","target":{"@type":"EntryPoint","urlTemplate":"https:\/\/lagomhospitality.net\/?s={search_term_string}"},"query-input":{"@type":"PropertyValueSpecification","valueRequired":true,"valueName":"search_term_string"}}],"inLanguage":"en-US"},{"@type":"Organization","@id":"https:\/\/lagomhospitality.net\/#organization","name":"Lagom. Hospitality","url":"https:\/\/lagomhospitality.net\/","logo":{"@type":"ImageObject","inLanguage":"en-US","@id":"https:\/\/lagomhospitality.net\/#\/schema\/logo\/image\/","url":"https:\/\/lagomhospitality.net\/wp-content\/uploads\/2024\/09\/Lagom-Logo.png","contentUrl":"https:\/\/lagomhospitality.net\/wp-content\/uploads\/2024\/09\/Lagom-Logo.png","width":826,"height":500,"caption":"Lagom. Hospitality"},"image":{"@id":"https:\/\/lagomhospitality.net\/#\/schema\/logo\/image\/"}}]}},"_links":{"self":[{"href":"https:\/\/lagomhospitality.net\/en\/wp-json\/wp\/v2\/pages\/2993"}],"collection":[{"href":"https:\/\/lagomhospitality.net\/en\/wp-json\/wp\/v2\/pages"}],"about":[{"href":"https:\/\/lagomhospitality.net\/en\/wp-json\/wp\/v2\/types\/page"}],"author":[{"embeddable":true,"href":"https:\/\/lagomhospitality.net\/en\/wp-json\/wp\/v2\/users\/1"}],"replies":[{"embeddable":true,"href":"https:\/\/lagomhospitality.net\/en\/wp-json\/wp\/v2\/comments?post=2993"}],"version-history":[{"count":25,"href":"https:\/\/lagomhospitality.net\/en\/wp-json\/wp\/v2\/pages\/2993\/revisions"}],"predecessor-version":[{"id":3911,"href":"https:\/\/lagomhospitality.net\/en\/wp-json\/wp\/v2\/pages\/2993\/revisions\/3911"}],"wp:attachment":[{"href":"https:\/\/lagomhospitality.net\/en\/wp-json\/wp\/v2\/media?parent=2993"}],"curies":[{"name":"wp","href":"https:\/\/api.w.org\/{rel}","templated":true}]}}