{"id":47,"date":"2024-09-03T12:21:54","date_gmt":"2024-09-03T12:21:54","guid":{"rendered":"https:\/\/lagomhospitality.net\/?page_id=47"},"modified":"2024-11-15T11:23:26","modified_gmt":"2024-11-15T11:23:26","slug":"datenschutz","status":"publish","type":"page","link":"https:\/\/lagomhospitality.net\/en\/datenschutz\/","title":{"rendered":"Privacy Policy"},"content":{"rendered":"<div data-elementor-type=\"wp-page\" data-elementor-id=\"47\" class=\"elementor elementor-47\" data-elementor-post-type=\"page\">\n\t\t\t\t<div class=\"elementor-element elementor-element-3b40472 e-flex e-con-boxed e-con e-parent\" data-id=\"3b40472\" data-element_type=\"container\" data-e-type=\"container\" data-settings=\"{&quot;background_background&quot;:&quot;classic&quot;,&quot;sticky&quot;:&quot;top&quot;,&quot;sticky_on&quot;:[&quot;desktop&quot;,&quot;tablet&quot;,&quot;mobile&quot;],&quot;sticky_offset&quot;:0,&quot;sticky_effects_offset&quot;:0,&quot;sticky_anchor_link_offset&quot;:0}\">\n\t\t\t\t\t<div class=\"e-con-inner\">\n\t\t\t\t<div class=\"elementor-element elementor-element-33aa905 elementor-widget elementor-widget-spacer\" data-id=\"33aa905\" data-element_type=\"widget\" data-e-type=\"widget\" data-settings=\"{&quot;sticky&quot;:&quot;top&quot;,&quot;sticky_on&quot;:[&quot;desktop&quot;,&quot;tablet&quot;,&quot;mobile&quot;],&quot;sticky_offset&quot;:0,&quot;sticky_effects_offset&quot;:0,&quot;sticky_anchor_link_offset&quot;:0}\" data-widget_type=\"spacer.default\">\n\t\t\t\t<div class=\"elementor-widget-container\">\n\t\t\t\t\t\t\t<div class=\"elementor-spacer\">\n\t\t\t<div class=\"elementor-spacer-inner\"><\/div>\n\t\t<\/div>\n\t\t\t\t\t\t<\/div>\n\t\t\t\t<\/div>\n\t\t\t\t<div class=\"elementor-element elementor-element-497b5c8 elementor-widget elementor-widget-heading\" data-id=\"497b5c8\" data-element_type=\"widget\" data-e-type=\"widget\" data-widget_type=\"heading.default\">\n\t\t\t\t<div class=\"elementor-widget-container\">\n\t\t\t\t\t<h2 class=\"elementor-heading-title elementor-size-default\">Datenschutzerkl\u00e4rung<\/h2>\t\t\t\t<\/div>\n\t\t\t\t<\/div>\n\t\t\t\t\t<\/div>\n\t\t\t\t<\/div>\n\t\t<div class=\"elementor-element elementor-element-30c2cd9 e-flex e-con-boxed e-con e-parent\" data-id=\"30c2cd9\" data-element_type=\"container\" data-e-type=\"container\">\n\t\t\t\t\t<div class=\"e-con-inner\">\n\t\t\t\t<div class=\"elementor-element elementor-element-fe29334 elementor-widget elementor-widget-text-editor\" data-id=\"fe29334\" data-element_type=\"widget\" data-e-type=\"widget\" data-widget_type=\"text-editor.default\">\n\t\t\t\t<div class=\"elementor-widget-container\">\n\t\t\t\t\t\t\t\t\t<p><span style=\"color: var( --e-global-color-text ); font-family: var( --e-global-typography-text-font-family ), Sans-serif; font-size: var( --e-global-typography-text-font-size ); font-weight: var( --e-global-typography-text-font-weight ); text-align: var(--text-align);\">Der Schutz Ihrer pers\u00f6nlichen Daten ist uns, <\/span><strong style=\"color: var( --e-global-color-text ); font-family: var( --e-global-typography-text-font-family ), Sans-serif; font-size: var( --e-global-typography-text-font-size ); text-align: var(--text-align);\">Lagom Hospitality<\/strong><span style=\"color: var( --e-global-color-text ); font-family: var( --e-global-typography-text-font-family ), Sans-serif; font-size: var( --e-global-typography-text-font-size ); font-weight: var( --e-global-typography-text-font-weight ); text-align: var(--text-align);\">, ein besonderes Anliegen. Wir verarbeiten Ihre Daten daher ausschlie\u00dflich auf Grundlage der gesetzlichen Bestimmungen (DSGVO, TKG 2003). In dieser Datenschutzerkl\u00e4rung informieren wir Sie \u00fcber die wichtigsten Aspekte der Datenverarbeitung im Rahmen unserer Website und unserer Dienstleistungen.<\/span><\/p>\t\t\t\t\t\t\t\t<\/div>\n\t\t\t\t<\/div>\n\t\t\t\t<div class=\"elementor-element elementor-element-8ffaa77 elementor-widget elementor-widget-text-editor\" data-id=\"8ffaa77\" data-element_type=\"widget\" data-e-type=\"widget\" data-widget_type=\"text-editor.default\">\n\t\t\t\t<div class=\"elementor-widget-container\">\n\t\t\t\t\t\t\t\t\t<p><b>Verantwortlicher<\/b><\/p><p>\u00a0<\/p><p><b><\/b><em>F\u00fcr den Inhalt verantwortlich (\u201eMedieninhaber\u201c):<\/em><br \/>Die Selbstst\u00e4ndigen Dienstleister und Berater in st\u00e4ndiger Kooperation (siehe <a href=\"https:\/\/lagomhospitality.net\/en\/impressum\/\">Imprint<\/a>).<\/p>\t\t\t\t\t\t\t\t<\/div>\n\t\t\t\t<\/div>\n\t\t\t\t<div class=\"elementor-element elementor-element-81ca4ec elementor-widget elementor-widget-text-editor\" data-id=\"81ca4ec\" data-element_type=\"widget\" data-e-type=\"widget\" data-widget_type=\"text-editor.default\">\n\t\t\t\t<div class=\"elementor-widget-container\">\n\t\t\t\t\t\t\t\t\t<p><span style=\"color: var( --e-global-color-text ); font-family: var( --e-global-typography-text-font-family ), Sans-serif; font-size: var( --e-global-typography-text-font-size ); text-align: var(--text-align);\"><b>Datenerhebung und -verarbeitung<br \/><\/b><\/span><\/p><p>Im Zuge Ihres Besuchs auf unserer Website werden folgende personenbezogene Daten erhoben:<\/p><ul><li><strong>Kontaktdaten:<\/strong>\u00a0Name, E-Mail-Adresse, Telefonnummer (wenn Sie das Kontaktformular verwenden oder uns per E-Mail kontaktieren).<\/li><li><strong>Browserdaten:<\/strong>\u00a0IP-Adresse, Browsertyp und -version, Betriebssystem, Referrer-URL, Uhrzeit des Zugriffs.<\/li><li><strong>Buchungs- oder Beratungsdaten:<\/strong>\u00a0Wenn Sie unsere Dienstleistungen in Anspruch nehmen, erfassen wir Daten wie Unternehmensdetails, Hotelinformationen, Anfragen und weitere Details, die f\u00fcr die Beratung notwendig sind.<\/li><\/ul><p>Diese Daten werden ausschlie\u00dflich zur Bearbeitung Ihrer Anfrage, f\u00fcr den Betrieb unserer Website, sowie zur Vertragserf\u00fcllung verwendet.<\/p>\t\t\t\t\t\t\t\t<\/div>\n\t\t\t\t<\/div>\n\t\t\t\t<div class=\"elementor-element elementor-element-66a02d7 elementor-widget elementor-widget-text-editor\" data-id=\"66a02d7\" data-element_type=\"widget\" data-e-type=\"widget\" data-widget_type=\"text-editor.default\">\n\t\t\t\t<div class=\"elementor-widget-container\">\n\t\t\t\t\t\t\t\t\t<p><span style=\"color: var( --e-global-color-text ); font-family: var( --e-global-typography-text-font-family ), Sans-serif; font-size: var( --e-global-typography-text-font-size ); text-align: var(--text-align);\"><b>Zwecke der Datenverarbeitung<\/b><\/span><\/p><p>Wir verarbeiten Ihre personenbezogenen Daten zu folgenden Zwecken:<\/p><ul><li>Zur Beantwortung von Anfragen und zur Kommunikation mit Ihnen.<\/li><li>Zur Abwicklung von Auftr\u00e4gen und Beratungsleistungen.<\/li><li>Zur Erf\u00fcllung unserer rechtlichen Verpflichtungen.<\/li><li>Zur Optimierung unserer Dienstleistungen und der Nutzererfahrung auf unserer Website.<\/li><\/ul>\t\t\t\t\t\t\t\t<\/div>\n\t\t\t\t<\/div>\n\t\t\t\t<div class=\"elementor-element elementor-element-cb1544d elementor-widget elementor-widget-text-editor\" data-id=\"cb1544d\" data-element_type=\"widget\" data-e-type=\"widget\" data-widget_type=\"text-editor.default\">\n\t\t\t\t<div class=\"elementor-widget-container\">\n\t\t\t\t\t\t\t\t\t<p><span style=\"color: var( --e-global-color-text ); font-family: var( --e-global-typography-text-font-family ), Sans-serif; font-size: var( --e-global-typography-text-font-size ); text-align: var(--text-align);\"><b>Rechtsgrundlage der Verarbeitung<\/b><\/span><\/p><p>Die Verarbeitung Ihrer personenbezogenen Daten erfolgt auf Basis folgender Rechtsgrundlagen:<\/p><ul><li><strong>Vertragserf\u00fcllung<\/strong>\u00a0(Art. 6 Abs. 1 lit. b DSGVO) \u2013 zur Erbringung unserer Dienstleistungen.<\/li><li><strong>Rechtliche Verpflichtung<\/strong>\u00a0(Art. 6 Abs. 1 lit. c DSGVO) \u2013 beispielsweise zur Aufbewahrung von Rechnungen und Gesch\u00e4ftsunterlagen.<\/li><li><strong>Berechtigtes Interesse<\/strong>\u00a0(Art. 6 Abs. 1 lit. f DSGVO) \u2013 f\u00fcr die Verbesserung unserer Website und Dienstleistungen.<\/li><\/ul>\t\t\t\t\t\t\t\t<\/div>\n\t\t\t\t<\/div>\n\t\t\t\t<div class=\"elementor-element elementor-element-dca9434 elementor-widget elementor-widget-text-editor\" data-id=\"dca9434\" data-element_type=\"widget\" data-e-type=\"widget\" data-widget_type=\"text-editor.default\">\n\t\t\t\t<div class=\"elementor-widget-container\">\n\t\t\t\t\t\t\t\t\t<p><span style=\"color: var( --e-global-color-text ); font-family: var( --e-global-typography-text-font-family ), Sans-serif; font-size: var( --e-global-typography-text-font-size ); text-align: var(--text-align);\"><b>Speicherdauer<\/b><\/span><\/p><p>Wir speichern Ihre Daten nur so lange, wie dies f\u00fcr die Erf\u00fcllung der jeweiligen Zwecke notwendig ist oder wir gesetzlich dazu verpflichtet sind. Gesch\u00e4ftliche Korrespondenzen und Vertragsdaten werden gem\u00e4\u00df den gesetzlichen Aufbewahrungsfristen f\u00fcr die Dauer von 7 Jahren aufbewahrt.<\/p>\t\t\t\t\t\t\t\t<\/div>\n\t\t\t\t<\/div>\n\t\t\t\t<div class=\"elementor-element elementor-element-4f30569 elementor-widget elementor-widget-text-editor\" data-id=\"4f30569\" data-element_type=\"widget\" data-e-type=\"widget\" data-widget_type=\"text-editor.default\">\n\t\t\t\t<div class=\"elementor-widget-container\">\n\t\t\t\t\t\t\t\t\t<p><span style=\"color: var( --e-global-color-text ); font-family: var( --e-global-typography-text-font-family ), Sans-serif; font-size: var( --e-global-typography-text-font-size ); text-align: var(--text-align);\"><b>Weitergabe von Daten an Dritte<\/b><\/span><\/p><p>Wir geben Ihre personenbezogenen Daten nur dann an Dritte weiter, wenn dies zur Vertragserf\u00fcllung notwendig ist (z.B. an Kooperationspartner, Subunternehmer), wenn Sie Ihre Einwilligung erteilt haben oder wir rechtlich dazu verpflichtet sind.<\/p><p>Eine \u00dcbermittlung Ihrer Daten an Dritte au\u00dferhalb der EU erfolgt nur, wenn die Voraussetzungen der DSGVO erf\u00fcllt sind.<\/p>\t\t\t\t\t\t\t\t<\/div>\n\t\t\t\t<\/div>\n\t\t\t\t<div class=\"elementor-element elementor-element-a3896c0 elementor-widget elementor-widget-text-editor\" data-id=\"a3896c0\" data-element_type=\"widget\" data-e-type=\"widget\" data-widget_type=\"text-editor.default\">\n\t\t\t\t<div class=\"elementor-widget-container\">\n\t\t\t\t\t\t\t\t\t<p><span style=\"color: var( --e-global-color-text ); font-family: var( --e-global-typography-text-font-family ), Sans-serif; font-size: var( --e-global-typography-text-font-size ); text-align: var(--text-align);\"><b>Cookies<\/b><\/span><\/p><p>Unsere Website verwendet Cookies, um die Nutzererfahrung zu verbessern und bestimmte Funktionen bereitzustellen. Dabei handelt es sich um kleine Textdateien, die auf Ihrem Endger\u00e4t gespeichert werden. Einige Cookies bleiben auf Ihrem Endger\u00e4t gespeichert, bis Sie diese l\u00f6schen. Sie erm\u00f6glichen uns, Ihren Browser beim n\u00e4chsten Besuch wiederzuerkennen.<\/p><p>Sie k\u00f6nnen die Speicherung von Cookies durch eine entsprechende Einstellung Ihrer Browser-Software verhindern, was jedoch die Funktionalit\u00e4t der Website einschr\u00e4nken k\u00f6nnte.<\/p>\t\t\t\t\t\t\t\t<\/div>\n\t\t\t\t<\/div>\n\t\t\t\t<div class=\"elementor-element elementor-element-e544b54 elementor-widget elementor-widget-text-editor\" data-id=\"e544b54\" data-element_type=\"widget\" data-e-type=\"widget\" data-widget_type=\"text-editor.default\">\n\t\t\t\t<div class=\"elementor-widget-container\">\n\t\t\t\t\t\t\t\t\t<p><span style=\"color: var( --e-global-color-text ); font-family: var( --e-global-typography-text-font-family ), Sans-serif; font-size: var( --e-global-typography-text-font-size ); text-align: var(--text-align);\"><b>Google Analytics<\/b><\/span><\/p><p>Unsere Website verwendet Google Analytics, einen Webanalysedienst der Google LLC. Google Analytics verwendet Cookies, die eine Analyse der Benutzung der Website durch Sie erm\u00f6glichen. Die dadurch erzeugten Informationen werden an einen Server von Google in den USA \u00fcbertragen und dort gespeichert. Sie k\u00f6nnen dies verhindern, indem Sie Ihren Browser so einstellen, dass keine Cookies gespeichert werden.<\/p><p>N\u00e4here Informationen finden Sie in der Datenschutzerkl\u00e4rung von Google:\u00a0<a href=\"https:\/\/policies.google.com\/privacy?hl=de\" target=\"_new\" rel=\"noopener\">Google Datenschutzerkl\u00e4rung<\/a>.<\/p>\t\t\t\t\t\t\t\t<\/div>\n\t\t\t\t<\/div>\n\t\t\t\t<div class=\"elementor-element elementor-element-d7edebd elementor-widget elementor-widget-text-editor\" data-id=\"d7edebd\" data-element_type=\"widget\" data-e-type=\"widget\" data-widget_type=\"text-editor.default\">\n\t\t\t\t<div class=\"elementor-widget-container\">\n\t\t\t\t\t\t\t\t\t<p><span style=\"color: var( --e-global-color-text ); font-family: var( --e-global-typography-text-font-family ), Sans-serif; font-size: var( --e-global-typography-text-font-size ); text-align: var(--text-align);\"><b>Ihre Rechte<\/b><\/span><\/p><p>Ihnen stehen bez\u00fcglich Ihrer bei uns gespeicherten Daten grunds\u00e4tzlich die Rechte auf Auskunft, Berichtigung, L\u00f6schung, Einschr\u00e4nkung der Verarbeitung, Daten\u00fcbertragbarkeit, Widerruf und Widerspruch zu. Wenn Sie der Meinung sind, dass die Verarbeitung Ihrer Daten gegen das Datenschutzrecht verst\u00f6\u00dft oder Ihre datenschutzrechtlichen Anspr\u00fcche verletzt wurden, k\u00f6nnen Sie sich bei uns ([E-Mail-Adresse]) oder der Datenschutzbeh\u00f6rde beschweren.<\/p>\t\t\t\t\t\t\t\t<\/div>\n\t\t\t\t<\/div>\n\t\t\t\t<div class=\"elementor-element elementor-element-5fd91f0 elementor-widget elementor-widget-text-editor\" data-id=\"5fd91f0\" data-element_type=\"widget\" data-e-type=\"widget\" data-widget_type=\"text-editor.default\">\n\t\t\t\t<div class=\"elementor-widget-container\">\n\t\t\t\t\t\t\t\t\t<p><span style=\"color: var( --e-global-color-text ); font-family: var( --e-global-typography-text-font-family ), Sans-serif; font-size: var( --e-global-typography-text-font-size ); text-align: var(--text-align);\"><b>Contact<\/b><\/span><\/p>\n<p>Wenn Sie Fragen zum Datenschutz haben oder Ihre Rechte geltend machen m\u00f6chten, wenden Sie sich bitte an die hinterlegten Partner im <a href=\"https:\/\/lagomhospitality.net\/en\/impressum\/\">Imprint<\/a>.<\/p>\t\t\t\t\t\t\t\t<\/div>\n\t\t\t\t<\/div>\n\t\t\t\t\t<\/div>\n\t\t\t\t<\/div>\n\t\t\t\t<\/div>","protected":false},"excerpt":{"rendered":"<p>Datenschutzerkl\u00e4rung Der Schutz Ihrer pers\u00f6nlichen Daten ist uns, Lagom Hospitality, ein besonderes Anliegen. Wir verarbeiten Ihre Daten daher ausschlie\u00dflich auf Grundlage der gesetzlichen Bestimmungen (DSGVO, TKG 2003). In dieser Datenschutzerkl\u00e4rung informieren wir Sie \u00fcber die wichtigsten Aspekte der Datenverarbeitung im Rahmen unserer Website und unserer Dienstleistungen. Verantwortlicher \u00a0 F\u00fcr den Inhalt verantwortlich (\u201eMedieninhaber\u201c):Die Selbstst\u00e4ndigen Dienstleister [&hellip;]<\/p>","protected":false},"author":1,"featured_media":0,"parent":0,"menu_order":0,"comment_status":"closed","ping_status":"closed","template":"","meta":{"footnotes":""},"class_list":["post-47","page","type-page","status-publish","hentry"],"yoast_head":"<!-- This site is optimized with the Yoast SEO plugin v23.9 - https:\/\/yoast.com\/wordpress\/plugins\/seo\/ -->\n<title>Datenschutz - lagomhospitality.net<\/title>\n<meta name=\"robots\" content=\"index, follow, max-snippet:-1, max-image-preview:large, max-video-preview:-1\" \/>\n<link rel=\"canonical\" href=\"https:\/\/lagomhospitality.net\/en\/datenschutz\/\" \/>\n<meta property=\"og:locale\" content=\"en_US\" \/>\n<meta property=\"og:type\" content=\"article\" \/>\n<meta property=\"og:title\" content=\"Datenschutz - lagomhospitality.net\" \/>\n<meta property=\"og:description\" content=\"Datenschutzerkl\u00e4rung Der Schutz Ihrer pers\u00f6nlichen Daten ist uns, Lagom Hospitality, ein besonderes Anliegen. Wir verarbeiten Ihre Daten daher ausschlie\u00dflich auf Grundlage der gesetzlichen Bestimmungen (DSGVO, TKG 2003). In dieser Datenschutzerkl\u00e4rung informieren wir Sie \u00fcber die wichtigsten Aspekte der Datenverarbeitung im Rahmen unserer Website und unserer Dienstleistungen. Verantwortlicher \u00a0 F\u00fcr den Inhalt verantwortlich (\u201eMedieninhaber\u201c):Die Selbstst\u00e4ndigen Dienstleister [&hellip;]\" \/>\n<meta property=\"og:url\" content=\"https:\/\/lagomhospitality.net\/en\/datenschutz\/\" \/>\n<meta property=\"og:site_name\" content=\"lagomhospitality.net\" \/>\n<meta property=\"article:modified_time\" content=\"2024-11-15T11:23:26+00:00\" \/>\n<meta name=\"twitter:card\" content=\"summary_large_image\" \/>\n<meta name=\"twitter:label1\" content=\"Est. reading time\" \/>\n\t<meta name=\"twitter:data1\" content=\"3 minutes\" \/>\n<script type=\"application\/ld+json\" class=\"yoast-schema-graph\">{\"@context\":\"https:\/\/schema.org\",\"@graph\":[{\"@type\":\"WebPage\",\"@id\":\"https:\/\/lagomhospitality.net\/datenschutz\/\",\"url\":\"https:\/\/lagomhospitality.net\/datenschutz\/\",\"name\":\"Datenschutz - lagomhospitality.net\",\"isPartOf\":{\"@id\":\"https:\/\/lagomhospitality.net\/#website\"},\"datePublished\":\"2024-09-03T12:21:54+00:00\",\"dateModified\":\"2024-11-15T11:23:26+00:00\",\"breadcrumb\":{\"@id\":\"https:\/\/lagomhospitality.net\/datenschutz\/#breadcrumb\"},\"inLanguage\":\"en-US\",\"potentialAction\":[{\"@type\":\"ReadAction\",\"target\":[\"https:\/\/lagomhospitality.net\/datenschutz\/\"]}]},{\"@type\":\"BreadcrumbList\",\"@id\":\"https:\/\/lagomhospitality.net\/datenschutz\/#breadcrumb\",\"itemListElement\":[{\"@type\":\"ListItem\",\"position\":1,\"name\":\"Startseite\",\"item\":\"https:\/\/lagomhospitality.net\/\"},{\"@type\":\"ListItem\",\"position\":2,\"name\":\"Datenschutz\"}]},{\"@type\":\"WebSite\",\"@id\":\"https:\/\/lagomhospitality.net\/#website\",\"url\":\"https:\/\/lagomhospitality.net\/\",\"name\":\"Lagom. Hospitality\",\"description\":\"Deine Partner f\u00fcr Hotelimmobilienexpertise\u200b\",\"publisher\":{\"@id\":\"https:\/\/lagomhospitality.net\/#organization\"},\"potentialAction\":[{\"@type\":\"SearchAction\",\"target\":{\"@type\":\"EntryPoint\",\"urlTemplate\":\"https:\/\/lagomhospitality.net\/?s={search_term_string}\"},\"query-input\":{\"@type\":\"PropertyValueSpecification\",\"valueRequired\":true,\"valueName\":\"search_term_string\"}}],\"inLanguage\":\"en-US\"},{\"@type\":\"Organization\",\"@id\":\"https:\/\/lagomhospitality.net\/#organization\",\"name\":\"Lagom. Hospitality\",\"url\":\"https:\/\/lagomhospitality.net\/\",\"logo\":{\"@type\":\"ImageObject\",\"inLanguage\":\"en-US\",\"@id\":\"https:\/\/lagomhospitality.net\/#\/schema\/logo\/image\/\",\"url\":\"https:\/\/lagomhospitality.net\/wp-content\/uploads\/2024\/09\/Lagom-Logo.png\",\"contentUrl\":\"https:\/\/lagomhospitality.net\/wp-content\/uploads\/2024\/09\/Lagom-Logo.png\",\"width\":826,\"height\":500,\"caption\":\"Lagom. Hospitality\"},\"image\":{\"@id\":\"https:\/\/lagomhospitality.net\/#\/schema\/logo\/image\/\"}}]}<\/script>\n<!-- \/ Yoast SEO plugin. -->","yoast_head_json":{"title":"Datenschutz - lagomhospitality.net","robots":{"index":"index","follow":"follow","max-snippet":"max-snippet:-1","max-image-preview":"max-image-preview:large","max-video-preview":"max-video-preview:-1"},"canonical":"https:\/\/lagomhospitality.net\/en\/datenschutz\/","og_locale":"en_US","og_type":"article","og_title":"Datenschutz - lagomhospitality.net","og_description":"Datenschutzerkl\u00e4rung Der Schutz Ihrer pers\u00f6nlichen Daten ist uns, Lagom Hospitality, ein besonderes Anliegen. Wir verarbeiten Ihre Daten daher ausschlie\u00dflich auf Grundlage der gesetzlichen Bestimmungen (DSGVO, TKG 2003). In dieser Datenschutzerkl\u00e4rung informieren wir Sie \u00fcber die wichtigsten Aspekte der Datenverarbeitung im Rahmen unserer Website und unserer Dienstleistungen. Verantwortlicher \u00a0 F\u00fcr den Inhalt verantwortlich (\u201eMedieninhaber\u201c):Die Selbstst\u00e4ndigen Dienstleister [&hellip;]","og_url":"https:\/\/lagomhospitality.net\/en\/datenschutz\/","og_site_name":"lagomhospitality.net","article_modified_time":"2024-11-15T11:23:26+00:00","twitter_card":"summary_large_image","twitter_misc":{"Est. reading time":"3 minutes"},"schema":{"@context":"https:\/\/schema.org","@graph":[{"@type":"WebPage","@id":"https:\/\/lagomhospitality.net\/datenschutz\/","url":"https:\/\/lagomhospitality.net\/datenschutz\/","name":"Datenschutz - lagomhospitality.net","isPartOf":{"@id":"https:\/\/lagomhospitality.net\/#website"},"datePublished":"2024-09-03T12:21:54+00:00","dateModified":"2024-11-15T11:23:26+00:00","breadcrumb":{"@id":"https:\/\/lagomhospitality.net\/datenschutz\/#breadcrumb"},"inLanguage":"en-US","potentialAction":[{"@type":"ReadAction","target":["https:\/\/lagomhospitality.net\/datenschutz\/"]}]},{"@type":"BreadcrumbList","@id":"https:\/\/lagomhospitality.net\/datenschutz\/#breadcrumb","itemListElement":[{"@type":"ListItem","position":1,"name":"Startseite","item":"https:\/\/lagomhospitality.net\/"},{"@type":"ListItem","position":2,"name":"Datenschutz"}]},{"@type":"WebSite","@id":"https:\/\/lagomhospitality.net\/#website","url":"https:\/\/lagomhospitality.net\/","name":"Lagom. Hospitality","description":"Deine Partner f\u00fcr Hotelimmobilienexpertise\u200b","publisher":{"@id":"https:\/\/lagomhospitality.net\/#organization"},"potentialAction":[{"@type":"SearchAction","target":{"@type":"EntryPoint","urlTemplate":"https:\/\/lagomhospitality.net\/?s={search_term_string}"},"query-input":{"@type":"PropertyValueSpecification","valueRequired":true,"valueName":"search_term_string"}}],"inLanguage":"en-US"},{"@type":"Organization","@id":"https:\/\/lagomhospitality.net\/#organization","name":"Lagom. Hospitality","url":"https:\/\/lagomhospitality.net\/","logo":{"@type":"ImageObject","inLanguage":"en-US","@id":"https:\/\/lagomhospitality.net\/#\/schema\/logo\/image\/","url":"https:\/\/lagomhospitality.net\/wp-content\/uploads\/2024\/09\/Lagom-Logo.png","contentUrl":"https:\/\/lagomhospitality.net\/wp-content\/uploads\/2024\/09\/Lagom-Logo.png","width":826,"height":500,"caption":"Lagom. Hospitality"},"image":{"@id":"https:\/\/lagomhospitality.net\/#\/schema\/logo\/image\/"}}]}},"_links":{"self":[{"href":"https:\/\/lagomhospitality.net\/en\/wp-json\/wp\/v2\/pages\/47"}],"collection":[{"href":"https:\/\/lagomhospitality.net\/en\/wp-json\/wp\/v2\/pages"}],"about":[{"href":"https:\/\/lagomhospitality.net\/en\/wp-json\/wp\/v2\/types\/page"}],"author":[{"embeddable":true,"href":"https:\/\/lagomhospitality.net\/en\/wp-json\/wp\/v2\/users\/1"}],"replies":[{"embeddable":true,"href":"https:\/\/lagomhospitality.net\/en\/wp-json\/wp\/v2\/comments?post=47"}],"version-history":[{"count":21,"href":"https:\/\/lagomhospitality.net\/en\/wp-json\/wp\/v2\/pages\/47\/revisions"}],"predecessor-version":[{"id":2955,"href":"https:\/\/lagomhospitality.net\/en\/wp-json\/wp\/v2\/pages\/47\/revisions\/2955"}],"wp:attachment":[{"href":"https:\/\/lagomhospitality.net\/en\/wp-json\/wp\/v2\/media?parent=47"}],"curies":[{"name":"wp","href":"https:\/\/api.w.org\/{rel}","templated":true}]}}