{"id":51,"date":"2024-09-03T12:22:06","date_gmt":"2024-09-03T12:22:06","guid":{"rendered":"https:\/\/lagomhospitality.net\/?page_id=51"},"modified":"2025-01-02T11:34:18","modified_gmt":"2025-01-02T11:34:18","slug":"agbs","status":"publish","type":"page","link":"https:\/\/lagomhospitality.net\/en\/agbs\/","title":{"rendered":"Terms and Conditions"},"content":{"rendered":"<div data-elementor-type=\"wp-page\" data-elementor-id=\"51\" class=\"elementor elementor-51\" data-elementor-post-type=\"page\">\n\t\t\t\t<div class=\"elementor-element elementor-element-02a3460 e-flex e-con-boxed e-con e-parent\" data-id=\"02a3460\" data-element_type=\"container\" data-e-type=\"container\" data-settings=\"{&quot;background_background&quot;:&quot;classic&quot;,&quot;sticky&quot;:&quot;top&quot;,&quot;sticky_on&quot;:[&quot;desktop&quot;,&quot;tablet&quot;,&quot;mobile&quot;],&quot;sticky_offset&quot;:0,&quot;sticky_effects_offset&quot;:0,&quot;sticky_anchor_link_offset&quot;:0}\">\n\t\t\t\t\t<div class=\"e-con-inner\">\n\t\t\t\t<div class=\"elementor-element elementor-element-efd97a7 elementor-widget elementor-widget-spacer\" data-id=\"efd97a7\" data-element_type=\"widget\" data-e-type=\"widget\" data-settings=\"{&quot;sticky&quot;:&quot;top&quot;,&quot;sticky_on&quot;:[&quot;desktop&quot;,&quot;tablet&quot;,&quot;mobile&quot;],&quot;sticky_offset&quot;:0,&quot;sticky_effects_offset&quot;:0,&quot;sticky_anchor_link_offset&quot;:0}\" data-widget_type=\"spacer.default\">\n\t\t\t\t<div class=\"elementor-widget-container\">\n\t\t\t\t\t\t\t<div class=\"elementor-spacer\">\n\t\t\t<div class=\"elementor-spacer-inner\"><\/div>\n\t\t<\/div>\n\t\t\t\t\t\t<\/div>\n\t\t\t\t<\/div>\n\t\t\t\t<div class=\"elementor-element elementor-element-157131f elementor-widget elementor-widget-heading\" data-id=\"157131f\" data-element_type=\"widget\" data-e-type=\"widget\" data-widget_type=\"heading.default\">\n\t\t\t\t<div class=\"elementor-widget-container\">\n\t\t\t\t\t<h2 class=\"elementor-heading-title elementor-size-default\">Terms and Conditions<\/h2>\t\t\t\t<\/div>\n\t\t\t\t<\/div>\n\t\t\t\t\t<\/div>\n\t\t\t\t<\/div>\n\t\t<div class=\"elementor-element elementor-element-2074300 e-flex e-con-boxed e-con e-parent\" data-id=\"2074300\" data-element_type=\"container\" data-e-type=\"container\">\n\t\t\t\t\t<div class=\"e-con-inner\">\n\t\t\t\t<div class=\"elementor-element elementor-element-94e8a6e elementor-widget elementor-widget-text-editor\" data-id=\"94e8a6e\" data-element_type=\"widget\" data-e-type=\"widget\" data-widget_type=\"text-editor.default\">\n\t\t\t\t<div class=\"elementor-widget-container\">\n\t\t\t\t\t\t\t\t\t<p><strong>Allgemeine Gesch\u00e4ftsbedingungen (AGB) f\u00fcr die Website von Lagom Hospitality<\/strong><\/p>\t\t\t\t\t\t\t\t<\/div>\n\t\t\t\t<\/div>\n\t\t\t\t<div class=\"elementor-element elementor-element-3b8a2ef elementor-widget elementor-widget-text-editor\" data-id=\"3b8a2ef\" data-element_type=\"widget\" data-e-type=\"widget\" data-widget_type=\"text-editor.default\">\n\t\t\t\t<div class=\"elementor-widget-container\">\n\t\t\t\t\t\t\t\t\t<p>Geltungsbereich<\/p>\t\t\t\t\t\t\t\t<\/div>\n\t\t\t\t<\/div>\n\t\t\t\t<div class=\"elementor-element elementor-element-1c38fce elementor-widget elementor-widget-text-editor\" data-id=\"1c38fce\" data-element_type=\"widget\" data-e-type=\"widget\" data-widget_type=\"text-editor.default\">\n\t\t\t\t<div class=\"elementor-widget-container\">\n\t\t\t\t\t\t\t\t\t<p><span style=\"color: var( --e-global-color-text ); font-family: var( --e-global-typography-text-font-family ), Sans-serif; font-size: var( --e-global-typography-text-font-size ); font-weight: var( --e-global-typography-text-font-weight ); text-align: var(--text-align);\">Diese Allgemeinen Gesch\u00e4ftsbedingungen (AGB) regeln die Nutzung der Website von\u00a0<\/span><a style=\"font-family: var( --e-global-typography-text-font-family ), Sans-serif; font-size: var( --e-global-typography-text-font-size ); font-weight: var( --e-global-typography-text-font-weight ); text-align: var(--text-align); background-color: #f7f4f0;\" href=\"https:\/\/lagomhospitality.net\/en\/\"><span style=\"font-weight: bolder;\">Lagom Hospitality<\/span><\/a><span style=\"color: var( --e-global-color-text ); font-family: var( --e-global-typography-text-font-family ), Sans-serif; font-size: var( --e-global-typography-text-font-size ); font-weight: var( --e-global-typography-text-font-weight ); text-align: var(--text-align);\">\u00a0(im Folgenden \u201eWebsite\u201c genannt). Mit dem Zugriff auf und der Nutzung unserer Website erkl\u00e4ren Sie sich mit diesen AGB einverstanden. Sollten Sie diesen AGB nicht zustimmen, ist die Nutzung der Website nicht gestattet.<\/span><\/p>\t\t\t\t\t\t\t\t<\/div>\n\t\t\t\t<\/div>\n\t\t\t\t<div class=\"elementor-element elementor-element-c9bcedc elementor-widget elementor-widget-text-editor\" data-id=\"c9bcedc\" data-element_type=\"widget\" data-e-type=\"widget\" data-widget_type=\"text-editor.default\">\n\t\t\t\t<div class=\"elementor-widget-container\">\n\t\t\t\t\t\t\t\t\t<p style=\"font-weight: 300;\"><span style=\"color: var( --e-global-color-text ); font-family: var( --e-global-typography-text-font-family ), Sans-serif; font-size: var( --e-global-typography-text-font-size ); text-align: var(--text-align);\"><span style=\"font-weight: bold;\">Haftung f\u00fcr Inhalte<\/span><\/span><\/p>\t\t\t\t\t\t\t\t<\/div>\n\t\t\t\t<\/div>\n\t\t\t\t<div class=\"elementor-element elementor-element-3f56df4 elementor-widget elementor-widget-text-editor\" data-id=\"3f56df4\" data-element_type=\"widget\" data-e-type=\"widget\" data-widget_type=\"text-editor.default\">\n\t\t\t\t<div class=\"elementor-widget-container\">\n\t\t\t\t\t\t\t\t\t<p><span style=\"color: var( --e-global-color-text ); font-family: var( --e-global-typography-text-font-family ), Sans-serif; font-size: var( --e-global-typography-text-font-size ); font-weight: var( --e-global-typography-text-font-weight ); text-align: var(--text-align);\">Wir bem\u00fchen uns, die Inhalte unserer Website regelm\u00e4\u00dfig zu aktualisieren und auf Richtigkeit zu \u00fcberpr\u00fcfen. Dennoch \u00fcbernehmen wir keine Gew\u00e4hr f\u00fcr die Vollst\u00e4ndigkeit, Richtigkeit oder Aktualit\u00e4t der bereitgestellten Informationen. Die Nutzung der Inhalte erfolgt auf eigene Gefahr.<\/span><\/p>\t\t\t\t\t\t\t\t<\/div>\n\t\t\t\t<\/div>\n\t\t\t\t<div class=\"elementor-element elementor-element-8062c5d elementor-widget elementor-widget-text-editor\" data-id=\"8062c5d\" data-element_type=\"widget\" data-e-type=\"widget\" data-widget_type=\"text-editor.default\">\n\t\t\t\t<div class=\"elementor-widget-container\">\n\t\t\t\t\t\t\t\t\t<p style=\"font-weight: 300;\"><span style=\"color: var( --e-global-color-text ); font-family: var( --e-global-typography-text-font-family ), Sans-serif; font-size: var( --e-global-typography-text-font-size ); text-align: var(--text-align);\"><span style=\"font-weight: bold;\">Haftung f\u00fcr Links<\/span><\/span><\/p>\t\t\t\t\t\t\t\t<\/div>\n\t\t\t\t<\/div>\n\t\t\t\t<div class=\"elementor-element elementor-element-67c4b9a elementor-widget elementor-widget-text-editor\" data-id=\"67c4b9a\" data-element_type=\"widget\" data-e-type=\"widget\" data-widget_type=\"text-editor.default\">\n\t\t\t\t<div class=\"elementor-widget-container\">\n\t\t\t\t\t\t\t\t\t<p><span style=\"color: var( --e-global-color-text ); font-family: var( --e-global-typography-text-font-family ), Sans-serif; font-size: var( --e-global-typography-text-font-size ); font-weight: var( --e-global-typography-text-font-weight ); text-align: var(--text-align);\">Unsere Website enth\u00e4lt Links zu externen Websites Dritter, auf deren Inhalte wir keinen Einfluss haben. F\u00fcr die Inhalte der verlinkten Seiten sind ausschlie\u00dflich die jeweiligen Betreiber verantwortlich. Wir \u00fcbernehmen daher keine Haftung f\u00fcr diese fremden Inhalte. Das Setzen von Links zu externen Anbietern bedeutet nicht, dass wir uns deren Inhalte zu eigen machen.<\/span><\/p>\t\t\t\t\t\t\t\t<\/div>\n\t\t\t\t<\/div>\n\t\t\t\t<div class=\"elementor-element elementor-element-5774965 elementor-widget elementor-widget-text-editor\" data-id=\"5774965\" data-element_type=\"widget\" data-e-type=\"widget\" data-widget_type=\"text-editor.default\">\n\t\t\t\t<div class=\"elementor-widget-container\">\n\t\t\t\t\t\t\t\t\t<p style=\"font-weight: 300;\"><span style=\"font-weight: bold;\">Inhalte der Website<\/span><\/p>\t\t\t\t\t\t\t\t<\/div>\n\t\t\t\t<\/div>\n\t\t\t\t<div class=\"elementor-element elementor-element-12c4dd2 elementor-widget elementor-widget-text-editor\" data-id=\"12c4dd2\" data-element_type=\"widget\" data-e-type=\"widget\" data-widget_type=\"text-editor.default\">\n\t\t\t\t<div class=\"elementor-widget-container\">\n\t\t\t\t\t\t\t\t\t<p><span style=\"color: var( --e-global-color-text ); font-family: var( --e-global-typography-text-font-family ), Sans-serif; font-size: var( --e-global-typography-text-font-size ); font-weight: var( --e-global-typography-text-font-weight ); text-align: var(--text-align);\">Alle Inhalte auf unserer Website, einschlie\u00dflich Texte, Bilder, Grafiken, Logos, Videos und sonstige Materialien, sind urheberrechtlich gesch\u00fctzt und d\u00fcrfen ohne unsere vorherige schriftliche Zustimmung nicht vervielf\u00e4ltigt, verbreitet oder in sonstiger Weise genutzt werden. Dies gilt insbesondere f\u00fcr die gewerbliche Nutzung von Inhalten.<\/span><\/p>\t\t\t\t\t\t\t\t<\/div>\n\t\t\t\t<\/div>\n\t\t\t\t<div class=\"elementor-element elementor-element-5b12d70 elementor-widget elementor-widget-text-editor\" data-id=\"5b12d70\" data-element_type=\"widget\" data-e-type=\"widget\" data-widget_type=\"text-editor.default\">\n\t\t\t\t<div class=\"elementor-widget-container\">\n\t\t\t\t\t\t\t\t\t<p style=\"font-weight: 300;\"><span style=\"color: var( --e-global-color-text ); font-family: var( --e-global-typography-text-font-family ), Sans-serif; font-size: var( --e-global-typography-text-font-size ); text-align: var(--text-align);\"><span style=\"font-weight: bold;\">Privacy Policy<\/span><\/span><\/p>\t\t\t\t\t\t\t\t<\/div>\n\t\t\t\t<\/div>\n\t\t\t\t<div class=\"elementor-element elementor-element-83005f7 elementor-widget elementor-widget-text-editor\" data-id=\"83005f7\" data-element_type=\"widget\" data-e-type=\"widget\" data-widget_type=\"text-editor.default\">\n\t\t\t\t<div class=\"elementor-widget-container\">\n\t\t\t\t\t\t\t\t\t<p><span style=\"color: var( --e-global-color-text ); font-family: var( --e-global-typography-text-font-family ), Sans-serif; font-size: var( --e-global-typography-text-font-size ); font-weight: var( --e-global-typography-text-font-weight ); text-align: var(--text-align);\">Die Nutzung unserer Website ist in der Regel ohne Angabe personenbezogener Daten m\u00f6glich. Wenn personenbezogene Daten (z.B. Name, E-Mail-Adresse) erhoben werden, erfolgt dies auf freiwilliger Basis und gem\u00e4\u00df unserer\u00a0<\/span><a style=\"font-family: var( --e-global-typography-text-font-family ), Sans-serif; font-size: var( --e-global-typography-text-font-size ); font-weight: var( --e-global-typography-text-font-weight ); text-align: var(--text-align); background-color: #f7f4f0;\" href=\"https:\/\/lagomhospitality.net\/en\/datenschutz\/\" rel=\"noopener\">Datenschutzerkl\u00e4rung<\/a><span style=\"color: var( --e-global-color-text ); font-family: var( --e-global-typography-text-font-family ), Sans-serif; font-size: var( --e-global-typography-text-font-size ); font-weight: var( --e-global-typography-text-font-weight ); text-align: var(--text-align);\">. Wir weisen darauf hin, dass die Daten\u00fcbertragung im Internet Sicherheitsl\u00fccken aufweisen kann und ein l\u00fcckenloser Schutz der Daten vor dem Zugriff Dritter nicht m\u00f6glich ist.<\/span><\/p>\t\t\t\t\t\t\t\t<\/div>\n\t\t\t\t<\/div>\n\t\t\t\t<div class=\"elementor-element elementor-element-03eff9e elementor-widget elementor-widget-text-editor\" data-id=\"03eff9e\" data-element_type=\"widget\" data-e-type=\"widget\" data-widget_type=\"text-editor.default\">\n\t\t\t\t<div class=\"elementor-widget-container\">\n\t\t\t\t\t\t\t\t\t<p style=\"font-weight: 300;\"><span style=\"color: var( --e-global-color-text ); font-family: var( --e-global-typography-text-font-family ), Sans-serif; font-size: var( --e-global-typography-text-font-size ); text-align: var(--text-align);\"><span style=\"font-weight: bold;\">Nutzerverhalten<\/span><\/span><\/p>\t\t\t\t\t\t\t\t<\/div>\n\t\t\t\t<\/div>\n\t\t\t\t<div class=\"elementor-element elementor-element-6d19004 elementor-widget elementor-widget-text-editor\" data-id=\"6d19004\" data-element_type=\"widget\" data-e-type=\"widget\" data-widget_type=\"text-editor.default\">\n\t\t\t\t<div class=\"elementor-widget-container\">\n\t\t\t\t\t\t\t\t\t<p><span style=\"color: var( --e-global-color-text ); font-family: var( --e-global-typography-text-font-family ), Sans-serif; font-size: var( --e-global-typography-text-font-size ); font-weight: var( --e-global-typography-text-font-weight ); text-align: var(--text-align);\">Die Nutzer unserer Website verpflichten sich, keine rechtswidrigen oder sch\u00e4dlichen Inhalte \u00fcber unsere Website zu verbreiten. Jede Handlung, die den Betrieb oder die Sicherheit der Website beeintr\u00e4chtigt oder unzul\u00e4ssig auf Daten Dritter zugreift, ist untersagt.<\/span><\/p>\t\t\t\t\t\t\t\t<\/div>\n\t\t\t\t<\/div>\n\t\t\t\t<div class=\"elementor-element elementor-element-1d60321 elementor-widget elementor-widget-text-editor\" data-id=\"1d60321\" data-element_type=\"widget\" data-e-type=\"widget\" data-widget_type=\"text-editor.default\">\n\t\t\t\t<div class=\"elementor-widget-container\">\n\t\t\t\t\t\t\t\t\t<p style=\"font-weight: 300;\"><span style=\"color: var( --e-global-color-text ); font-family: var( --e-global-typography-text-font-family ), Sans-serif; font-size: var( --e-global-typography-text-font-size ); text-align: var(--text-align);\"><span style=\"font-weight: bold;\">\u00c4nderungen der Website und der AGB<\/span><\/span><\/p>\t\t\t\t\t\t\t\t<\/div>\n\t\t\t\t<\/div>\n\t\t\t\t<div class=\"elementor-element elementor-element-80303f9 elementor-widget elementor-widget-text-editor\" data-id=\"80303f9\" data-element_type=\"widget\" data-e-type=\"widget\" data-widget_type=\"text-editor.default\">\n\t\t\t\t<div class=\"elementor-widget-container\">\n\t\t\t\t\t\t\t\t\t<p><span style=\"color: var( --e-global-color-text ); font-family: var( --e-global-typography-text-font-family ), Sans-serif; font-size: var( --e-global-typography-text-font-size ); font-weight: var( --e-global-typography-text-font-weight ); text-align: var(--text-align);\">Wir behalten uns das Recht vor, unsere Website, die Inhalte sowie diese AGB jederzeit ohne vorherige Ank\u00fcndigung zu \u00e4ndern oder anzupassen. Es obliegt den Nutzern, die AGB regelm\u00e4\u00dfig auf \u00c4nderungen zu \u00fcberpr\u00fcfen. Mit der fortgesetzten Nutzung der Website nach solchen \u00c4nderungen erkl\u00e4ren Sie sich mit den ge\u00e4nderten Bedingungen einverstanden.<\/span><\/p>\t\t\t\t\t\t\t\t<\/div>\n\t\t\t\t<\/div>\n\t\t\t\t<div class=\"elementor-element elementor-element-d7cbc5c elementor-widget elementor-widget-text-editor\" data-id=\"d7cbc5c\" data-element_type=\"widget\" data-e-type=\"widget\" data-widget_type=\"text-editor.default\">\n\t\t\t\t<div class=\"elementor-widget-container\">\n\t\t\t\t\t\t\t\t\t<p style=\"font-weight: 300;\"><span style=\"color: var( --e-global-color-text ); font-family: var( --e-global-typography-text-font-family ), Sans-serif; font-size: var( --e-global-typography-text-font-size ); text-align: var(--text-align);\"><span style=\"font-weight: bold;\">Anwendbares Recht und Gerichtsstand<\/span><\/span><\/p>\t\t\t\t\t\t\t\t<\/div>\n\t\t\t\t<\/div>\n\t\t\t\t<div class=\"elementor-element elementor-element-6b64f95 elementor-widget elementor-widget-text-editor\" data-id=\"6b64f95\" data-element_type=\"widget\" data-e-type=\"widget\" data-widget_type=\"text-editor.default\">\n\t\t\t\t<div class=\"elementor-widget-container\">\n\t\t\t\t\t\t\t\t\t<p><span style=\"color: var( --e-global-color-text ); font-family: var( --e-global-typography-text-font-family ), Sans-serif; font-size: var( --e-global-typography-text-font-size ); font-weight: var( --e-global-typography-text-font-weight ); text-align: var(--text-align);\">Es gilt das Recht der Republik \u00d6sterreich. F\u00fcr alle Streitigkeiten im Zusammenhang mit der Nutzung der Website ist der Gerichtsstand der Sitz von <\/span><a style=\"font-family: var( --e-global-typography-text-font-family ), Sans-serif; font-size: var( --e-global-typography-text-font-size ); font-weight: var( --e-global-typography-text-font-weight ); text-align: var(--text-align); background-color: #f7f4f0;\" href=\"https:\/\/lagomhospitality.net\/en\/\"><strong>Lagom Hospitality<\/strong><\/a><span style=\"color: var( --e-global-color-text ); font-family: var( --e-global-typography-text-font-family ), Sans-serif; font-size: var( --e-global-typography-text-font-size ); font-weight: var( --e-global-typography-text-font-weight ); text-align: var(--text-align);\">, sofern nicht zwingende gesetzliche Bestimmungen etwas anderes vorschreiben.<\/span><\/p>\t\t\t\t\t\t\t\t<\/div>\n\t\t\t\t<\/div>\n\t\t\t\t\t<\/div>\n\t\t\t\t<\/div>\n\t\t\t\t<\/div>","protected":false},"excerpt":{"rendered":"<p>allgemeine Gesch\u00e4ftsbedingungen Allgemeine Gesch\u00e4ftsbedingungen (AGB) f\u00fcr die Website von Lagom Hospitality Geltungsbereich Diese Allgemeinen Gesch\u00e4ftsbedingungen (AGB) regeln die Nutzung der Website von\u00a0Lagom Hospitality\u00a0(im Folgenden \u201eWebsite\u201c genannt). Mit dem Zugriff auf und der Nutzung unserer Website erkl\u00e4ren Sie sich mit diesen AGB einverstanden. Sollten Sie diesen AGB nicht zustimmen, ist die Nutzung der Website nicht gestattet. [&hellip;]<\/p>","protected":false},"author":1,"featured_media":0,"parent":0,"menu_order":0,"comment_status":"closed","ping_status":"closed","template":"","meta":{"footnotes":""},"class_list":["post-51","page","type-page","status-publish","hentry"],"yoast_head":"<!-- This site is optimized with the Yoast SEO plugin v23.9 - https:\/\/yoast.com\/wordpress\/plugins\/seo\/ -->\n<title>AGBs - lagomhospitality.net<\/title>\n<meta name=\"robots\" content=\"index, follow, max-snippet:-1, max-image-preview:large, max-video-preview:-1\" \/>\n<link rel=\"canonical\" href=\"https:\/\/lagomhospitality.net\/en\/agbs\/\" \/>\n<meta property=\"og:locale\" content=\"en_US\" \/>\n<meta property=\"og:type\" content=\"article\" \/>\n<meta property=\"og:title\" content=\"AGBs - lagomhospitality.net\" \/>\n<meta property=\"og:description\" content=\"allgemeine Gesch\u00e4ftsbedingungen Allgemeine Gesch\u00e4ftsbedingungen (AGB) f\u00fcr die Website von Lagom Hospitality Geltungsbereich Diese Allgemeinen Gesch\u00e4ftsbedingungen (AGB) regeln die Nutzung der Website von\u00a0Lagom Hospitality\u00a0(im Folgenden \u201eWebsite\u201c genannt). Mit dem Zugriff auf und der Nutzung unserer Website erkl\u00e4ren Sie sich mit diesen AGB einverstanden. Sollten Sie diesen AGB nicht zustimmen, ist die Nutzung der Website nicht gestattet. [&hellip;]\" \/>\n<meta property=\"og:url\" content=\"https:\/\/lagomhospitality.net\/en\/agbs\/\" \/>\n<meta property=\"og:site_name\" content=\"lagomhospitality.net\" \/>\n<meta property=\"article:modified_time\" content=\"2025-01-02T11:34:18+00:00\" \/>\n<meta name=\"twitter:card\" content=\"summary_large_image\" \/>\n<meta name=\"twitter:label1\" content=\"Est. reading time\" \/>\n\t<meta name=\"twitter:data1\" content=\"2 minutes\" \/>\n<script type=\"application\/ld+json\" class=\"yoast-schema-graph\">{\"@context\":\"https:\/\/schema.org\",\"@graph\":[{\"@type\":\"WebPage\",\"@id\":\"https:\/\/lagomhospitality.net\/agbs\/\",\"url\":\"https:\/\/lagomhospitality.net\/agbs\/\",\"name\":\"AGBs - lagomhospitality.net\",\"isPartOf\":{\"@id\":\"https:\/\/lagomhospitality.net\/#website\"},\"datePublished\":\"2024-09-03T12:22:06+00:00\",\"dateModified\":\"2025-01-02T11:34:18+00:00\",\"breadcrumb\":{\"@id\":\"https:\/\/lagomhospitality.net\/agbs\/#breadcrumb\"},\"inLanguage\":\"en-US\",\"potentialAction\":[{\"@type\":\"ReadAction\",\"target\":[\"https:\/\/lagomhospitality.net\/agbs\/\"]}]},{\"@type\":\"BreadcrumbList\",\"@id\":\"https:\/\/lagomhospitality.net\/agbs\/#breadcrumb\",\"itemListElement\":[{\"@type\":\"ListItem\",\"position\":1,\"name\":\"Startseite\",\"item\":\"https:\/\/lagomhospitality.net\/\"},{\"@type\":\"ListItem\",\"position\":2,\"name\":\"AGBs\"}]},{\"@type\":\"WebSite\",\"@id\":\"https:\/\/lagomhospitality.net\/#website\",\"url\":\"https:\/\/lagomhospitality.net\/\",\"name\":\"Lagom. Hospitality\",\"description\":\"Deine Partner f\u00fcr Hotelimmobilienexpertise\u200b\",\"publisher\":{\"@id\":\"https:\/\/lagomhospitality.net\/#organization\"},\"potentialAction\":[{\"@type\":\"SearchAction\",\"target\":{\"@type\":\"EntryPoint\",\"urlTemplate\":\"https:\/\/lagomhospitality.net\/?s={search_term_string}\"},\"query-input\":{\"@type\":\"PropertyValueSpecification\",\"valueRequired\":true,\"valueName\":\"search_term_string\"}}],\"inLanguage\":\"en-US\"},{\"@type\":\"Organization\",\"@id\":\"https:\/\/lagomhospitality.net\/#organization\",\"name\":\"Lagom. Hospitality\",\"url\":\"https:\/\/lagomhospitality.net\/\",\"logo\":{\"@type\":\"ImageObject\",\"inLanguage\":\"en-US\",\"@id\":\"https:\/\/lagomhospitality.net\/#\/schema\/logo\/image\/\",\"url\":\"https:\/\/lagomhospitality.net\/wp-content\/uploads\/2024\/09\/Lagom-Logo.png\",\"contentUrl\":\"https:\/\/lagomhospitality.net\/wp-content\/uploads\/2024\/09\/Lagom-Logo.png\",\"width\":826,\"height\":500,\"caption\":\"Lagom. Hospitality\"},\"image\":{\"@id\":\"https:\/\/lagomhospitality.net\/#\/schema\/logo\/image\/\"}}]}<\/script>\n<!-- \/ Yoast SEO plugin. -->","yoast_head_json":{"title":"AGBs - lagomhospitality.net","robots":{"index":"index","follow":"follow","max-snippet":"max-snippet:-1","max-image-preview":"max-image-preview:large","max-video-preview":"max-video-preview:-1"},"canonical":"https:\/\/lagomhospitality.net\/en\/agbs\/","og_locale":"en_US","og_type":"article","og_title":"AGBs - lagomhospitality.net","og_description":"allgemeine Gesch\u00e4ftsbedingungen Allgemeine Gesch\u00e4ftsbedingungen (AGB) f\u00fcr die Website von Lagom Hospitality Geltungsbereich Diese Allgemeinen Gesch\u00e4ftsbedingungen (AGB) regeln die Nutzung der Website von\u00a0Lagom Hospitality\u00a0(im Folgenden \u201eWebsite\u201c genannt). Mit dem Zugriff auf und der Nutzung unserer Website erkl\u00e4ren Sie sich mit diesen AGB einverstanden. Sollten Sie diesen AGB nicht zustimmen, ist die Nutzung der Website nicht gestattet. [&hellip;]","og_url":"https:\/\/lagomhospitality.net\/en\/agbs\/","og_site_name":"lagomhospitality.net","article_modified_time":"2025-01-02T11:34:18+00:00","twitter_card":"summary_large_image","twitter_misc":{"Est. reading time":"2 minutes"},"schema":{"@context":"https:\/\/schema.org","@graph":[{"@type":"WebPage","@id":"https:\/\/lagomhospitality.net\/agbs\/","url":"https:\/\/lagomhospitality.net\/agbs\/","name":"AGBs - lagomhospitality.net","isPartOf":{"@id":"https:\/\/lagomhospitality.net\/#website"},"datePublished":"2024-09-03T12:22:06+00:00","dateModified":"2025-01-02T11:34:18+00:00","breadcrumb":{"@id":"https:\/\/lagomhospitality.net\/agbs\/#breadcrumb"},"inLanguage":"en-US","potentialAction":[{"@type":"ReadAction","target":["https:\/\/lagomhospitality.net\/agbs\/"]}]},{"@type":"BreadcrumbList","@id":"https:\/\/lagomhospitality.net\/agbs\/#breadcrumb","itemListElement":[{"@type":"ListItem","position":1,"name":"Startseite","item":"https:\/\/lagomhospitality.net\/"},{"@type":"ListItem","position":2,"name":"AGBs"}]},{"@type":"WebSite","@id":"https:\/\/lagomhospitality.net\/#website","url":"https:\/\/lagomhospitality.net\/","name":"Lagom. Hospitality","description":"Deine Partner f\u00fcr Hotelimmobilienexpertise\u200b","publisher":{"@id":"https:\/\/lagomhospitality.net\/#organization"},"potentialAction":[{"@type":"SearchAction","target":{"@type":"EntryPoint","urlTemplate":"https:\/\/lagomhospitality.net\/?s={search_term_string}"},"query-input":{"@type":"PropertyValueSpecification","valueRequired":true,"valueName":"search_term_string"}}],"inLanguage":"en-US"},{"@type":"Organization","@id":"https:\/\/lagomhospitality.net\/#organization","name":"Lagom. Hospitality","url":"https:\/\/lagomhospitality.net\/","logo":{"@type":"ImageObject","inLanguage":"en-US","@id":"https:\/\/lagomhospitality.net\/#\/schema\/logo\/image\/","url":"https:\/\/lagomhospitality.net\/wp-content\/uploads\/2024\/09\/Lagom-Logo.png","contentUrl":"https:\/\/lagomhospitality.net\/wp-content\/uploads\/2024\/09\/Lagom-Logo.png","width":826,"height":500,"caption":"Lagom. Hospitality"},"image":{"@id":"https:\/\/lagomhospitality.net\/#\/schema\/logo\/image\/"}}]}},"_links":{"self":[{"href":"https:\/\/lagomhospitality.net\/en\/wp-json\/wp\/v2\/pages\/51"}],"collection":[{"href":"https:\/\/lagomhospitality.net\/en\/wp-json\/wp\/v2\/pages"}],"about":[{"href":"https:\/\/lagomhospitality.net\/en\/wp-json\/wp\/v2\/types\/page"}],"author":[{"embeddable":true,"href":"https:\/\/lagomhospitality.net\/en\/wp-json\/wp\/v2\/users\/1"}],"replies":[{"embeddable":true,"href":"https:\/\/lagomhospitality.net\/en\/wp-json\/wp\/v2\/comments?post=51"}],"version-history":[{"count":24,"href":"https:\/\/lagomhospitality.net\/en\/wp-json\/wp\/v2\/pages\/51\/revisions"}],"predecessor-version":[{"id":3872,"href":"https:\/\/lagomhospitality.net\/en\/wp-json\/wp\/v2\/pages\/51\/revisions\/3872"}],"wp:attachment":[{"href":"https:\/\/lagomhospitality.net\/en\/wp-json\/wp\/v2\/media?parent=51"}],"curies":[{"name":"wp","href":"https:\/\/api.w.org\/{rel}","templated":true}]}}